{"id":12,"date":"2025-07-18T17:55:47","date_gmt":"2025-07-18T14:55:47","guid":{"rendered":"https:\/\/www.mikkonummelin.fi\/wordpress\/?page_id=12"},"modified":"2025-08-14T18:34:36","modified_gmt":"2025-08-14T15:34:36","slug":"mikko-nummelin","status":"publish","type":"page","link":"https:\/\/www.mikkonummelin.fi\/wordpress\/mikko-nummelin\/","title":{"rendered":"Mikko Nummelin"},"content":{"rendered":"\n<figure class=\"wp-block-image size-full is-resized\"><img loading=\"lazy\" decoding=\"async\" width=\"525\" height=\"525\" src=\"https:\/\/www.mikkonummelin.fi\/wordpress\/wp-content\/uploads\/2025\/07\/mikko_vaalit_2021.jpg\" alt=\"Omakuva\" class=\"wp-image-41\" style=\"width:242px;height:auto\" srcset=\"https:\/\/www.mikkonummelin.fi\/wordpress\/wp-content\/uploads\/2025\/07\/mikko_vaalit_2021.jpg 525w, https:\/\/www.mikkonummelin.fi\/wordpress\/wp-content\/uploads\/2025\/07\/mikko_vaalit_2021-300x300.jpg 300w, https:\/\/www.mikkonummelin.fi\/wordpress\/wp-content\/uploads\/2025\/07\/mikko_vaalit_2021-150x150.jpg 150w\" sizes=\"auto, (max-width: 525px) 100vw, 525px\" \/><\/figure>\n\n\n\n<p>Hei,<\/p>\n\n\n\n<p>olen diplomi-insin\u00f6\u00f6ri vuosimallia 2007 ja ty\u00f6skentelen parhaillaan <a href=\"http:\/\/www.hiq.fi\" data-type=\"link\" data-id=\"www.hiq.fi\">HiQ Finland<\/a>:issa ohjelmistokehitt\u00e4j\u00e4n\u00e4. Teen yleens\u00e4 backend-kehityst\u00e4 Javalla ja Typescriptill\u00e4, mutta n\u00e4iden ohella olen ohjelmoinut my\u00f6s esimerkiksi Pythonilla. Tietokantakehityst\u00e4 olen tehnyt sek\u00e4 relaatiotietokannoilla (MySQL, PostgreSQL) ja muilla tietokannoilla (LDAP, Redis).<\/p>\n\n\n\n<p>Harrastan shakkia ja kuntosalia ja olen laatinut my\u00f6s <a href=\"http:\/\/www.tslespoo.fi\">Ty\u00f6v\u00e4en Sivistysliiton Espoon ja Kauniaisten opintoj\u00e4rjest\u00f6lle<\/a> alkeiskursseja matematiikasta ja ohjelmoinnista.<\/p>\n\n\n\n<p>Tarkoituksena on jatkossa kirjoittaa t\u00e4nne my\u00f6s blogikirjoituksia ajankohtaisista aiheista.<\/p>\n\n\n\n<h2 class=\"wp-block-heading\">Linkkej\u00e4<\/h2>\n\n\n\n<p><a href=\"http:\/\/github.com\/mnummeli\">http:\/\/github.com\/mnummeli<\/a> (Github-sivustoni)<\/p>\n\n\n\n<p><a href=\"https:\/\/www.linkedin.com\/in\/mikko-nummelin-55a47146\">https:\/\/www.linkedin.com\/in\/mikko-nummelin-55a47146<\/a> (LinkedIn-profiilini)<\/p>\n\n\n\n<h2 class=\"wp-block-heading\">CV<\/h2>\n\n\n\n<div class=\"wp-block-file\"><a id=\"wp-block-file--media-37f4c3a1-2f75-4c5d-8ecc-d0e44957ce1e\" href=\"https:\/\/www.mikkonummelin.fi\/wordpress\/wp-content\/uploads\/2025\/08\/cv.pdf\">cv<\/a><a href=\"https:\/\/www.mikkonummelin.fi\/wordpress\/wp-content\/uploads\/2025\/08\/cv.pdf\" class=\"wp-block-file__button wp-element-button\" download aria-describedby=\"wp-block-file--media-37f4c3a1-2f75-4c5d-8ecc-d0e44957ce1e\">Lataa<\/a><\/div>\n\n\n\n<div class=\"wp-block-file\"><a id=\"wp-block-file--media-e6f9208e-c605-4e39-825e-8e46e8da7bdc\" href=\"https:\/\/www.mikkonummelin.fi\/wordpress\/wp-content\/uploads\/2025\/08\/resume.pdf\">resume<\/a><a href=\"https:\/\/www.mikkonummelin.fi\/wordpress\/wp-content\/uploads\/2025\/08\/resume.pdf\" class=\"wp-block-file__button wp-element-button\" download aria-describedby=\"wp-block-file--media-e6f9208e-c605-4e39-825e-8e46e8da7bdc\">Lataa<\/a><\/div>\n","protected":false},"excerpt":{"rendered":"<p>Hei, olen diplomi-insin\u00f6\u00f6ri vuosimallia 2007 ja ty\u00f6skentelen parhaillaan HiQ Finland:issa ohjelmistokehitt\u00e4j\u00e4n\u00e4. Teen yleens\u00e4 backend-kehityst\u00e4 Javalla ja Typescriptill\u00e4, mutta n\u00e4iden ohella olen ohjelmoinut my\u00f6s esimerkiksi Pythonilla. Tietokantakehityst\u00e4 olen tehnyt sek\u00e4 relaatiotietokannoilla (MySQL, PostgreSQL) ja muilla tietokannoilla (LDAP, Redis). Harrastan shakkia ja kuntosalia ja olen laatinut my\u00f6s Ty\u00f6v\u00e4en Sivistysliiton Espoon ja Kauniaisten opintoj\u00e4rjest\u00f6lle alkeiskursseja matematiikasta ja ohjelmoinnista. [&hellip;]<\/p>\n","protected":false},"author":1,"featured_media":0,"parent":0,"menu_order":0,"comment_status":"closed","ping_status":"closed","template":"","meta":{"footnotes":""},"class_list":["post-12","page","type-page","status-publish","hentry"],"_links":{"self":[{"href":"https:\/\/www.mikkonummelin.fi\/wordpress\/wp-json\/wp\/v2\/pages\/12","targetHints":{"allow":["GET"]}}],"collection":[{"href":"https:\/\/www.mikkonummelin.fi\/wordpress\/wp-json\/wp\/v2\/pages"}],"about":[{"href":"https:\/\/www.mikkonummelin.fi\/wordpress\/wp-json\/wp\/v2\/types\/page"}],"author":[{"embeddable":true,"href":"https:\/\/www.mikkonummelin.fi\/wordpress\/wp-json\/wp\/v2\/users\/1"}],"replies":[{"embeddable":true,"href":"https:\/\/www.mikkonummelin.fi\/wordpress\/wp-json\/wp\/v2\/comments?post=12"}],"version-history":[{"count":12,"href":"https:\/\/www.mikkonummelin.fi\/wordpress\/wp-json\/wp\/v2\/pages\/12\/revisions"}],"predecessor-version":[{"id":65,"href":"https:\/\/www.mikkonummelin.fi\/wordpress\/wp-json\/wp\/v2\/pages\/12\/revisions\/65"}],"wp:attachment":[{"href":"https:\/\/www.mikkonummelin.fi\/wordpress\/wp-json\/wp\/v2\/media?parent=12"}],"curies":[{"name":"wp","href":"https:\/\/api.w.org\/{rel}","templated":true}]}}